{"id":1468,"date":"2021-06-30T16:28:29","date_gmt":"2021-06-30T21:28:29","guid":{"rendered":"https:\/\/beta.refrigerationtechniserv.ca\/services\/reparation\/"},"modified":"2021-09-13T14:57:39","modified_gmt":"2021-09-13T19:57:39","slug":"repair","status":"publish","type":"page","link":"https:\/\/www.refrigerationtechniserv.ca\/en\/services-offered\/repair\/","title":{"rendered":"Repair"},"content":{"rendered":"\t\t<div data-elementor-type=\"wp-page\" data-elementor-id=\"1468\" class=\"elementor elementor-1468 elementor-778\" data-elementor-post-type=\"page\">\n\t\t\t\t\t\t<section class=\"elementor-section elementor-top-section elementor-element elementor-element-eb02983 elementor-section-height-min-height elementor-section-boxed elementor-section-height-default elementor-section-items-middle\" data-id=\"eb02983\" data-element_type=\"section\" data-settings=\"{&quot;jet_parallax_layout_list&quot;:[{&quot;jet_parallax_layout_image&quot;:{&quot;url&quot;:&quot;&quot;,&quot;id&quot;:&quot;&quot;,&quot;size&quot;:&quot;&quot;},&quot;_id&quot;:&quot;bcd4188&quot;,&quot;jet_parallax_layout_image_tablet&quot;:{&quot;url&quot;:&quot;&quot;,&quot;id&quot;:&quot;&quot;,&quot;size&quot;:&quot;&quot;},&quot;jet_parallax_layout_image_mobile&quot;:{&quot;url&quot;:&quot;&quot;,&quot;id&quot;:&quot;&quot;,&quot;size&quot;:&quot;&quot;},&quot;jet_parallax_layout_speed&quot;:{&quot;unit&quot;:&quot;%&quot;,&quot;size&quot;:50,&quot;sizes&quot;:[]},&quot;jet_parallax_layout_type&quot;:&quot;scroll&quot;,&quot;jet_parallax_layout_direction&quot;:null,&quot;jet_parallax_layout_fx_direction&quot;:null,&quot;jet_parallax_layout_z_index&quot;:&quot;&quot;,&quot;jet_parallax_layout_bg_x&quot;:50,&quot;jet_parallax_layout_bg_x_tablet&quot;:&quot;&quot;,&quot;jet_parallax_layout_bg_x_mobile&quot;:&quot;&quot;,&quot;jet_parallax_layout_bg_y&quot;:50,&quot;jet_parallax_layout_bg_y_tablet&quot;:&quot;&quot;,&quot;jet_parallax_layout_bg_y_mobile&quot;:&quot;&quot;,&quot;jet_parallax_layout_bg_size&quot;:&quot;auto&quot;,&quot;jet_parallax_layout_bg_size_tablet&quot;:&quot;&quot;,&quot;jet_parallax_layout_bg_size_mobile&quot;:&quot;&quot;,&quot;jet_parallax_layout_animation_prop&quot;:&quot;transform&quot;,&quot;jet_parallax_layout_on&quot;:[&quot;desktop&quot;,&quot;tablet&quot;]}],&quot;background_background&quot;:&quot;classic&quot;}\">\n\t\t\t\t\t\t<div class=\"elementor-container elementor-column-gap-default\">\n\t\t\t\t\t<div class=\"elementor-column elementor-col-16 elementor-top-column elementor-element elementor-element-44076c6 elementor-hidden-tablet elementor-hidden-phone\" data-id=\"44076c6\" data-element_type=\"column\">\n\t\t\t<div class=\"elementor-widget-wrap\">\n\t\t\t\t\t\t\t<\/div>\n\t\t<\/div>\n\t\t\t\t<div class=\"elementor-column elementor-col-66 elementor-top-column elementor-element elementor-element-33f3ae3\" data-id=\"33f3ae3\" data-element_type=\"column\">\n\t\t\t<div class=\"elementor-widget-wrap elementor-element-populated\">\n\t\t\t\t\t\t<div class=\"elementor-element elementor-element-25b50a3 elementor-widget elementor-widget-heading\" data-id=\"25b50a3\" data-element_type=\"widget\" data-widget_type=\"heading.default\">\n\t\t\t\t<div class=\"elementor-widget-container\">\n\t\t\t<h2 class=\"elementor-heading-title elementor-size-default\">Repair<\/h2>\t\t<\/div>\n\t\t\t\t<\/div>\n\t\t\t\t<section class=\"elementor-section elementor-inner-section elementor-element elementor-element-2945525 elementor-section-boxed elementor-section-height-default elementor-section-height-default\" data-id=\"2945525\" data-element_type=\"section\" data-settings=\"{&quot;jet_parallax_layout_list&quot;:[{&quot;jet_parallax_layout_image&quot;:{&quot;url&quot;:&quot;&quot;,&quot;id&quot;:&quot;&quot;,&quot;size&quot;:&quot;&quot;},&quot;_id&quot;:&quot;ab5afb0&quot;,&quot;jet_parallax_layout_image_tablet&quot;:{&quot;url&quot;:&quot;&quot;,&quot;id&quot;:&quot;&quot;,&quot;size&quot;:&quot;&quot;},&quot;jet_parallax_layout_image_mobile&quot;:{&quot;url&quot;:&quot;&quot;,&quot;id&quot;:&quot;&quot;,&quot;size&quot;:&quot;&quot;},&quot;jet_parallax_layout_speed&quot;:{&quot;unit&quot;:&quot;%&quot;,&quot;size&quot;:50,&quot;sizes&quot;:[]},&quot;jet_parallax_layout_type&quot;:&quot;scroll&quot;,&quot;jet_parallax_layout_direction&quot;:null,&quot;jet_parallax_layout_fx_direction&quot;:null,&quot;jet_parallax_layout_z_index&quot;:&quot;&quot;,&quot;jet_parallax_layout_bg_x&quot;:50,&quot;jet_parallax_layout_bg_x_tablet&quot;:&quot;&quot;,&quot;jet_parallax_layout_bg_x_mobile&quot;:&quot;&quot;,&quot;jet_parallax_layout_bg_y&quot;:50,&quot;jet_parallax_layout_bg_y_tablet&quot;:&quot;&quot;,&quot;jet_parallax_layout_bg_y_mobile&quot;:&quot;&quot;,&quot;jet_parallax_layout_bg_size&quot;:&quot;auto&quot;,&quot;jet_parallax_layout_bg_size_tablet&quot;:&quot;&quot;,&quot;jet_parallax_layout_bg_size_mobile&quot;:&quot;&quot;,&quot;jet_parallax_layout_animation_prop&quot;:&quot;transform&quot;,&quot;jet_parallax_layout_on&quot;:[&quot;desktop&quot;,&quot;tablet&quot;]}]}\">\n\t\t\t\t\t\t<div class=\"elementor-container elementor-column-gap-default\">\n\t\t\t\t\t<div class=\"elementor-column elementor-col-50 elementor-inner-column elementor-element elementor-element-37a17bb\" data-id=\"37a17bb\" data-element_type=\"column\">\n\t\t\t<div class=\"elementor-widget-wrap elementor-element-populated\">\n\t\t\t\t\t\t<div class=\"elementor-element elementor-element-3ffc5ac elementor-widget elementor-widget-image\" data-id=\"3ffc5ac\" data-element_type=\"widget\" data-widget_type=\"image.default\">\n\t\t\t\t<div class=\"elementor-widget-container\">\n\t\t\t\t\t\t\t\t\t\t\t\t\t\t<a href=\"https:\/\/www.refrigerationtechniserv.ca\/wp-content\/uploads\/2021\/08\/reparation.jpg\" data-elementor-open-lightbox=\"yes\" data-elementor-lightbox-title=\"reparation\" data-e-action-hash=\"#elementor-action%3Aaction%3Dlightbox%26settings%3DeyJpZCI6MTUxNywidXJsIjoiaHR0cHM6XC9cL3d3dy5yZWZyaWdlcmF0aW9udGVjaG5pc2Vydi5jYVwvd3AtY29udGVudFwvdXBsb2Fkc1wvMjAyMVwvMDhcL3JlcGFyYXRpb24uanBnIn0%3D\">\n\t\t\t\t\t\t\t<img fetchpriority=\"high\" decoding=\"async\" width=\"750\" height=\"1000\" src=\"https:\/\/www.refrigerationtechniserv.ca\/wp-content\/uploads\/2021\/08\/reparation.jpg\" class=\"attachment-large size-large wp-image-1517\" alt=\"\" srcset=\"https:\/\/www.refrigerationtechniserv.ca\/wp-content\/uploads\/2021\/08\/reparation.jpg 750w, https:\/\/www.refrigerationtechniserv.ca\/wp-content\/uploads\/2021\/08\/reparation-225x300.jpg 225w\" sizes=\"(max-width: 750px) 100vw, 750px\" \/>\t\t\t\t\t\t\t\t<\/a>\n\t\t\t\t\t\t\t\t\t\t\t\t\t<\/div>\n\t\t\t\t<\/div>\n\t\t\t\t\t<\/div>\n\t\t<\/div>\n\t\t\t\t<div class=\"elementor-column elementor-col-50 elementor-inner-column elementor-element elementor-element-a7fde70\" data-id=\"a7fde70\" data-element_type=\"column\">\n\t\t\t<div class=\"elementor-widget-wrap elementor-element-populated\">\n\t\t\t\t\t\t<div class=\"elementor-element elementor-element-fef4bc2 elementor-widget elementor-widget-text-editor\" data-id=\"fef4bc2\" data-element_type=\"widget\" data-widget_type=\"text-editor.default\">\n\t\t\t\t<div class=\"elementor-widget-container\">\n\t\t\t\t\t\t\t<p>Our technicians drive service trucks that are equipped with a large inventory of parts. <br \/>Therefore, service calls are handled quickly to get your equipment up and running again and minimize the loss of merchandise, often in a single visit. <br \/>Repairs can also be made outside of normal business hours for an additional fee.<\/p>\t\t\t\t\t\t<\/div>\n\t\t\t\t<\/div>\n\t\t\t\t<div class=\"elementor-element elementor-element-33568d9 elementor-icon-list--layout-traditional elementor-list-item-link-full_width elementor-widget elementor-widget-icon-list\" data-id=\"33568d9\" data-element_type=\"widget\" data-widget_type=\"icon-list.default\">\n\t\t\t\t<div class=\"elementor-widget-container\">\n\t\t\t\t\t<ul class=\"elementor-icon-list-items\">\n\t\t\t\t\t\t\t<li class=\"elementor-icon-list-item\">\n\t\t\t\t\t\t\t\t\t\t\t<a href=\"\/en\/contact-us\/\">\n\n\t\t\t\t\t\t\t\t\t\t\t\t<span class=\"elementor-icon-list-icon\">\n\t\t\t\t\t\t\t<i aria-hidden=\"true\" class=\"fas fa-chevron-circle-right\"><\/i>\t\t\t\t\t\t<\/span>\n\t\t\t\t\t\t\t\t\t\t<span class=\"elementor-icon-list-text\">Contact us<\/span>\n\t\t\t\t\t\t\t\t\t\t\t<\/a>\n\t\t\t\t\t\t\t\t\t<\/li>\n\t\t\t\t\t\t<\/ul>\n\t\t\t\t<\/div>\n\t\t\t\t<\/div>\n\t\t\t\t\t<\/div>\n\t\t<\/div>\n\t\t\t\t\t<\/div>\n\t\t<\/section>\n\t\t\t\t\t<\/div>\n\t\t<\/div>\n\t\t\t\t<div class=\"elementor-column elementor-col-16 elementor-top-column elementor-element elementor-element-6d773f6 elementor-hidden-tablet elementor-hidden-phone\" data-id=\"6d773f6\" data-element_type=\"column\">\n\t\t\t<div class=\"elementor-widget-wrap\">\n\t\t\t\t\t\t\t<\/div>\n\t\t<\/div>\n\t\t\t\t\t<\/div>\n\t\t<\/section>\n\t\t\t\t<section class=\"elementor-section elementor-top-section elementor-element elementor-element-af6dbca elementor-section-boxed elementor-section-height-default elementor-section-height-default\" data-id=\"af6dbca\" data-element_type=\"section\" data-settings=\"{&quot;jet_parallax_layout_list&quot;:[{&quot;jet_parallax_layout_image&quot;:{&quot;url&quot;:&quot;&quot;,&quot;id&quot;:&quot;&quot;,&quot;size&quot;:&quot;&quot;},&quot;_id&quot;:&quot;7140a77&quot;,&quot;jet_parallax_layout_image_tablet&quot;:{&quot;url&quot;:&quot;&quot;,&quot;id&quot;:&quot;&quot;,&quot;size&quot;:&quot;&quot;},&quot;jet_parallax_layout_image_mobile&quot;:{&quot;url&quot;:&quot;&quot;,&quot;id&quot;:&quot;&quot;,&quot;size&quot;:&quot;&quot;},&quot;jet_parallax_layout_speed&quot;:{&quot;unit&quot;:&quot;%&quot;,&quot;size&quot;:50,&quot;sizes&quot;:[]},&quot;jet_parallax_layout_type&quot;:&quot;scroll&quot;,&quot;jet_parallax_layout_direction&quot;:null,&quot;jet_parallax_layout_fx_direction&quot;:null,&quot;jet_parallax_layout_z_index&quot;:&quot;&quot;,&quot;jet_parallax_layout_bg_x&quot;:50,&quot;jet_parallax_layout_bg_x_tablet&quot;:&quot;&quot;,&quot;jet_parallax_layout_bg_x_mobile&quot;:&quot;&quot;,&quot;jet_parallax_layout_bg_y&quot;:50,&quot;jet_parallax_layout_bg_y_tablet&quot;:&quot;&quot;,&quot;jet_parallax_layout_bg_y_mobile&quot;:&quot;&quot;,&quot;jet_parallax_layout_bg_size&quot;:&quot;auto&quot;,&quot;jet_parallax_layout_bg_size_tablet&quot;:&quot;&quot;,&quot;jet_parallax_layout_bg_size_mobile&quot;:&quot;&quot;,&quot;jet_parallax_layout_animation_prop&quot;:&quot;transform&quot;,&quot;jet_parallax_layout_on&quot;:[&quot;desktop&quot;,&quot;tablet&quot;]}]}\">\n\t\t\t\t\t\t<div class=\"elementor-container elementor-column-gap-default\">\n\t\t\t\t\t<div class=\"elementor-column elementor-col-100 elementor-top-column elementor-element elementor-element-9ed38d6\" data-id=\"9ed38d6\" data-element_type=\"column\">\n\t\t\t<div class=\"elementor-widget-wrap elementor-element-populated\">\n\t\t\t\t\t\t<div class=\"elementor-element elementor-element-d75fcbf elementor-widget elementor-widget-jet-carousel\" data-id=\"d75fcbf\" data-element_type=\"widget\" data-settings=\"{&quot;slides_to_show&quot;:&quot;4&quot;,&quot;slides_to_scroll&quot;:&quot;1&quot;}\" data-widget_type=\"jet-carousel.default\">\n\t\t\t\t<div class=\"elementor-widget-container\">\n\t\t\t<div class=\"elementor-jet-carousel jet-elements\"><div class=\"jet-carousel-wrap jet-equal-cols\">\n\t<div class=\"jet-carousel\" data-slider_options=\"{&quot;autoplaySpeed&quot;:5000,&quot;autoplay&quot;:true,&quot;infinite&quot;:true,&quot;centerMode&quot;:false,&quot;centerPadding&quot;:&quot;50px&quot;,&quot;pauseOnHover&quot;:false,&quot;speed&quot;:500,&quot;arrows&quot;:true,&quot;dots&quot;:true,&quot;variableWidth&quot;:false,&quot;prevArrow&quot;:&quot;.jet-carousel__prev-arrow-d75fcbf&quot;,&quot;nextArrow&quot;:&quot;.jet-carousel__next-arrow-d75fcbf&quot;,&quot;rtl&quot;:false,&quot;fractionNav&quot;:false}\" dir=\"ltr\">\n\t<div class=\"elementor-slick-slider\">\n\n<div class=\"jet-carousel__item\">\n\t<div class=\"jet-carousel__item-inner\"><a href=\"https:\/\/www.refrigerationtechniserv.ca\/wp-content\/uploads\/2021\/08\/reparation1.jpg\" class=\"jet-carousel__item-link\" data-elementor-open-lightbox=\"yes\" data-elementor-lightbox-slideshow=\"d75fcbf\"  ><img decoding=\"async\" src=\"https:\/\/www.refrigerationtechniserv.ca\/wp-content\/uploads\/2021\/08\/reparation1-225x300.jpg\" class=\"jet-carousel__item-img\" alt=\"reparation1\" loading=\"lazy\"><\/a><div class=\"jet-carousel__content\"><h5 class=\"jet-carousel__item-title\"><\/h5><div class=\"jet-carousel__item-text\">R\u00e9paration<\/div><\/div><\/div>\n<\/div>\n\n<div class=\"jet-carousel__item\">\n\t<div class=\"jet-carousel__item-inner\"><a href=\"https:\/\/www.refrigerationtechniserv.ca\/wp-content\/uploads\/2021\/08\/reparation2.jpg\" class=\"jet-carousel__item-link\" data-elementor-open-lightbox=\"yes\" data-elementor-lightbox-slideshow=\"d75fcbf\"  ><img decoding=\"async\" src=\"https:\/\/www.refrigerationtechniserv.ca\/wp-content\/uploads\/2021\/08\/reparation2-300x204.jpg\" class=\"jet-carousel__item-img\" alt=\"reparation2\" loading=\"lazy\"><\/a><div class=\"jet-carousel__content\"><h5 class=\"jet-carousel__item-title\"><\/h5><div class=\"jet-carousel__item-text\">R\u00e9paration unit\u00e9 de r\u00e9frig\u00e9ration<\/div><\/div><\/div>\n<\/div>\n\n<div class=\"jet-carousel__item\">\n\t<div class=\"jet-carousel__item-inner\"><a href=\"https:\/\/www.refrigerationtechniserv.ca\/wp-content\/uploads\/2021\/08\/REPARATION-SUR-UNITE-ROOFTOP-YORK-2.jpg\" class=\"jet-carousel__item-link\" data-elementor-open-lightbox=\"yes\" data-elementor-lightbox-slideshow=\"d75fcbf\"  ><img decoding=\"async\" src=\"https:\/\/www.refrigerationtechniserv.ca\/wp-content\/uploads\/2021\/08\/REPARATION-SUR-UNITE-ROOFTOP-YORK-2-300x225.jpg\" class=\"jet-carousel__item-img\" alt=\"REPARATION-SUR-UNITE-ROOFTOP-YORK-2\" loading=\"lazy\"><\/a><div class=\"jet-carousel__content\"><h5 class=\"jet-carousel__item-title\"><\/h5><div class=\"jet-carousel__item-text\">R\u00e9paration sur unit\u00e9 roof-top YORK<\/div><\/div><\/div>\n<\/div>\n\n<div class=\"jet-carousel__item\">\n\t<div class=\"jet-carousel__item-inner\"><a href=\"https:\/\/www.refrigerationtechniserv.ca\/wp-content\/uploads\/2021\/08\/REMPLACEMENT-UNITE-DE-REFRIGERATION-AU-TOIT-2.jpg\" class=\"jet-carousel__item-link\" data-elementor-open-lightbox=\"yes\" data-elementor-lightbox-slideshow=\"d75fcbf\"  ><img decoding=\"async\" src=\"https:\/\/www.refrigerationtechniserv.ca\/wp-content\/uploads\/2021\/08\/REMPLACEMENT-UNITE-DE-REFRIGERATION-AU-TOIT-2-300x225.jpg\" class=\"jet-carousel__item-img\" alt=\"REMPLACEMENT-UNITE-DE-REFRIGERATION-AU-TOIT-2\" loading=\"lazy\"><\/a><div class=\"jet-carousel__content\"><h5 class=\"jet-carousel__item-title\"><\/h5><div class=\"jet-carousel__item-text\">Remplacement unit\u00e9 de r\u00e9frig\u00e9ration au toit<\/div><\/div><\/div>\n<\/div>\n\n<div class=\"jet-carousel__item\">\n\t<div class=\"jet-carousel__item-inner\"><a href=\"https:\/\/www.refrigerationtechniserv.ca\/wp-content\/uploads\/2021\/08\/REMPLACMENT-UNITE-DE-REFRIGERATION-EXTERIEURE.jpg\" class=\"jet-carousel__item-link\" data-elementor-open-lightbox=\"yes\" data-elementor-lightbox-slideshow=\"d75fcbf\"  ><img decoding=\"async\" src=\"https:\/\/www.refrigerationtechniserv.ca\/wp-content\/uploads\/2021\/08\/REMPLACMENT-UNITE-DE-REFRIGERATION-EXTERIEURE-204x300.jpg\" class=\"jet-carousel__item-img\" alt=\"REMPLACMENT-UNITE-DE-REFRIGERATION-EXTERIEURE\" loading=\"lazy\"><\/a><div class=\"jet-carousel__content\"><h5 class=\"jet-carousel__item-title\"><\/h5><div class=\"jet-carousel__item-text\">Remplacement unit\u00e9 de r\u00e9frig\u00e9ration ext\u00e9rieure<\/div><\/div><\/div>\n<\/div>\n<\/div><div class=\"jet-carousel__prev-arrow-d75fcbf jet-arrow prev-arrow\"><i aria-hidden=\"true\" class=\"fas fa-angle-left\"><\/i><\/div><div class=\"jet-carousel__next-arrow-d75fcbf jet-arrow next-arrow\"><i aria-hidden=\"true\" class=\"fas fa-angle-right\"><\/i><\/div><\/div>\n<\/div>\n<\/div>\t\t<\/div>\n\t\t\t\t<\/div>\n\t\t\t\t\t<\/div>\n\t\t<\/div>\n\t\t\t\t\t<\/div>\n\t\t<\/section>\n\t\t\t\t<\/div>\n\t\t","protected":false},"excerpt":{"rendered":"<p>Repair Our technicians drive service trucks that are equipped with a large inventory of parts. Therefore, service calls are handled quickly to get your equipment up and running again and minimize the loss of merchandise, often in a single visit. Repairs can also be made outside of normal business hours for an additional fee. Contact [&hellip;]<\/p>\n","protected":false},"author":11,"featured_media":0,"parent":1458,"menu_order":0,"comment_status":"closed","ping_status":"closed","template":"","meta":{"_acf_changed":false,"footnotes":""},"acf":[],"yoast_head":"<!-- This site is optimized with the Yoast SEO plugin v23.0 - https:\/\/yoast.com\/wordpress\/plugins\/seo\/ -->\n<title>Repair - Techniserv<\/title>\n<meta name=\"robots\" content=\"index, follow, max-snippet:-1, max-image-preview:large, max-video-preview:-1\" \/>\n<link rel=\"canonical\" href=\"https:\/\/www.refrigerationtechniserv.ca\/en\/services-offered\/repair\/\" \/>\n<meta property=\"og:locale\" content=\"en_US\" \/>\n<meta property=\"og:type\" content=\"article\" \/>\n<meta property=\"og:title\" content=\"Repair - Techniserv\" \/>\n<meta property=\"og:description\" content=\"Repair Our technicians drive service trucks that are equipped with a large inventory of parts. Therefore, service calls are handled quickly to get your equipment up and running again and minimize the loss of merchandise, often in a single visit. Repairs can also be made outside of normal business hours for an additional fee. Contact [&hellip;]\" \/>\n<meta property=\"og:url\" content=\"https:\/\/www.refrigerationtechniserv.ca\/en\/services-offered\/repair\/\" \/>\n<meta property=\"og:site_name\" content=\"Techniserv\" \/>\n<meta property=\"article:modified_time\" content=\"2021-09-13T19:57:39+00:00\" \/>\n<meta property=\"og:image\" content=\"https:\/\/www.refrigerationtechniserv.ca\/wp-content\/uploads\/2021\/08\/reparation.jpg\" \/>\n<meta name=\"twitter:card\" content=\"summary_large_image\" \/>\n<meta name=\"twitter:label1\" content=\"Est. reading time\" \/>\n\t<meta name=\"twitter:data1\" content=\"4 minutes\" \/>\n<script type=\"application\/ld+json\" class=\"yoast-schema-graph\">{\"@context\":\"https:\/\/schema.org\",\"@graph\":[{\"@type\":\"WebPage\",\"@id\":\"https:\/\/www.refrigerationtechniserv.ca\/en\/services-offered\/repair\/\",\"url\":\"https:\/\/www.refrigerationtechniserv.ca\/en\/services-offered\/repair\/\",\"name\":\"Repair - Techniserv\",\"isPartOf\":{\"@id\":\"https:\/\/www.refrigerationtechniserv.ca\/#website\"},\"primaryImageOfPage\":{\"@id\":\"https:\/\/www.refrigerationtechniserv.ca\/en\/services-offered\/repair\/#primaryimage\"},\"image\":{\"@id\":\"https:\/\/www.refrigerationtechniserv.ca\/en\/services-offered\/repair\/#primaryimage\"},\"thumbnailUrl\":\"https:\/\/www.refrigerationtechniserv.ca\/wp-content\/uploads\/2021\/08\/reparation.jpg\",\"datePublished\":\"2021-06-30T21:28:29+00:00\",\"dateModified\":\"2021-09-13T19:57:39+00:00\",\"breadcrumb\":{\"@id\":\"https:\/\/www.refrigerationtechniserv.ca\/en\/services-offered\/repair\/#breadcrumb\"},\"inLanguage\":\"en-CA\",\"potentialAction\":[{\"@type\":\"ReadAction\",\"target\":[\"https:\/\/www.refrigerationtechniserv.ca\/en\/services-offered\/repair\/\"]}]},{\"@type\":\"ImageObject\",\"inLanguage\":\"en-CA\",\"@id\":\"https:\/\/www.refrigerationtechniserv.ca\/en\/services-offered\/repair\/#primaryimage\",\"url\":\"https:\/\/www.refrigerationtechniserv.ca\/wp-content\/uploads\/2021\/08\/reparation.jpg\",\"contentUrl\":\"https:\/\/www.refrigerationtechniserv.ca\/wp-content\/uploads\/2021\/08\/reparation.jpg\"},{\"@type\":\"BreadcrumbList\",\"@id\":\"https:\/\/www.refrigerationtechniserv.ca\/en\/services-offered\/repair\/#breadcrumb\",\"itemListElement\":[{\"@type\":\"ListItem\",\"position\":1,\"name\":\"Accueil\",\"item\":\"https:\/\/www.refrigerationtechniserv.ca\/en\/\"},{\"@type\":\"ListItem\",\"position\":2,\"name\":\"Services Offered\",\"item\":\"https:\/\/www.refrigerationtechniserv.ca\/en\/services-offered\/\"},{\"@type\":\"ListItem\",\"position\":3,\"name\":\"Repair\"}]},{\"@type\":\"WebSite\",\"@id\":\"https:\/\/www.refrigerationtechniserv.ca\/#website\",\"url\":\"https:\/\/www.refrigerationtechniserv.ca\/\",\"name\":\"Techniserv\",\"description\":\"R\u00e9frigeration\",\"publisher\":{\"@id\":\"https:\/\/www.refrigerationtechniserv.ca\/#organization\"},\"potentialAction\":[{\"@type\":\"SearchAction\",\"target\":{\"@type\":\"EntryPoint\",\"urlTemplate\":\"https:\/\/www.refrigerationtechniserv.ca\/?s={search_term_string}\"},\"query-input\":\"required name=search_term_string\"}],\"inLanguage\":\"en-CA\"},{\"@type\":\"Organization\",\"@id\":\"https:\/\/www.refrigerationtechniserv.ca\/#organization\",\"name\":\"Techniserv\",\"url\":\"https:\/\/www.refrigerationtechniserv.ca\/\",\"logo\":{\"@type\":\"ImageObject\",\"inLanguage\":\"en-CA\",\"@id\":\"https:\/\/www.refrigerationtechniserv.ca\/#\/schema\/logo\/image\/\",\"url\":\"https:\/\/www.refrigerationtechniserv.ca\/wp-content\/uploads\/2020\/10\/logo-techni-serv.png\",\"contentUrl\":\"https:\/\/www.refrigerationtechniserv.ca\/wp-content\/uploads\/2020\/10\/logo-techni-serv.png\",\"width\":356,\"height\":122,\"caption\":\"Techniserv\"},\"image\":{\"@id\":\"https:\/\/www.refrigerationtechniserv.ca\/#\/schema\/logo\/image\/\"}}]}<\/script>\n<!-- \/ Yoast SEO plugin. -->","yoast_head_json":{"title":"Repair - Techniserv","robots":{"index":"index","follow":"follow","max-snippet":"max-snippet:-1","max-image-preview":"max-image-preview:large","max-video-preview":"max-video-preview:-1"},"canonical":"https:\/\/www.refrigerationtechniserv.ca\/en\/services-offered\/repair\/","og_locale":"en_US","og_type":"article","og_title":"Repair - Techniserv","og_description":"Repair Our technicians drive service trucks that are equipped with a large inventory of parts. Therefore, service calls are handled quickly to get your equipment up and running again and minimize the loss of merchandise, often in a single visit. Repairs can also be made outside of normal business hours for an additional fee. Contact [&hellip;]","og_url":"https:\/\/www.refrigerationtechniserv.ca\/en\/services-offered\/repair\/","og_site_name":"Techniserv","article_modified_time":"2021-09-13T19:57:39+00:00","og_image":[{"url":"https:\/\/www.refrigerationtechniserv.ca\/wp-content\/uploads\/2021\/08\/reparation.jpg"}],"twitter_card":"summary_large_image","twitter_misc":{"Est. reading time":"4 minutes"},"schema":{"@context":"https:\/\/schema.org","@graph":[{"@type":"WebPage","@id":"https:\/\/www.refrigerationtechniserv.ca\/en\/services-offered\/repair\/","url":"https:\/\/www.refrigerationtechniserv.ca\/en\/services-offered\/repair\/","name":"Repair - Techniserv","isPartOf":{"@id":"https:\/\/www.refrigerationtechniserv.ca\/#website"},"primaryImageOfPage":{"@id":"https:\/\/www.refrigerationtechniserv.ca\/en\/services-offered\/repair\/#primaryimage"},"image":{"@id":"https:\/\/www.refrigerationtechniserv.ca\/en\/services-offered\/repair\/#primaryimage"},"thumbnailUrl":"https:\/\/www.refrigerationtechniserv.ca\/wp-content\/uploads\/2021\/08\/reparation.jpg","datePublished":"2021-06-30T21:28:29+00:00","dateModified":"2021-09-13T19:57:39+00:00","breadcrumb":{"@id":"https:\/\/www.refrigerationtechniserv.ca\/en\/services-offered\/repair\/#breadcrumb"},"inLanguage":"en-CA","potentialAction":[{"@type":"ReadAction","target":["https:\/\/www.refrigerationtechniserv.ca\/en\/services-offered\/repair\/"]}]},{"@type":"ImageObject","inLanguage":"en-CA","@id":"https:\/\/www.refrigerationtechniserv.ca\/en\/services-offered\/repair\/#primaryimage","url":"https:\/\/www.refrigerationtechniserv.ca\/wp-content\/uploads\/2021\/08\/reparation.jpg","contentUrl":"https:\/\/www.refrigerationtechniserv.ca\/wp-content\/uploads\/2021\/08\/reparation.jpg"},{"@type":"BreadcrumbList","@id":"https:\/\/www.refrigerationtechniserv.ca\/en\/services-offered\/repair\/#breadcrumb","itemListElement":[{"@type":"ListItem","position":1,"name":"Accueil","item":"https:\/\/www.refrigerationtechniserv.ca\/en\/"},{"@type":"ListItem","position":2,"name":"Services Offered","item":"https:\/\/www.refrigerationtechniserv.ca\/en\/services-offered\/"},{"@type":"ListItem","position":3,"name":"Repair"}]},{"@type":"WebSite","@id":"https:\/\/www.refrigerationtechniserv.ca\/#website","url":"https:\/\/www.refrigerationtechniserv.ca\/","name":"Techniserv","description":"R\u00e9frigeration","publisher":{"@id":"https:\/\/www.refrigerationtechniserv.ca\/#organization"},"potentialAction":[{"@type":"SearchAction","target":{"@type":"EntryPoint","urlTemplate":"https:\/\/www.refrigerationtechniserv.ca\/?s={search_term_string}"},"query-input":"required name=search_term_string"}],"inLanguage":"en-CA"},{"@type":"Organization","@id":"https:\/\/www.refrigerationtechniserv.ca\/#organization","name":"Techniserv","url":"https:\/\/www.refrigerationtechniserv.ca\/","logo":{"@type":"ImageObject","inLanguage":"en-CA","@id":"https:\/\/www.refrigerationtechniserv.ca\/#\/schema\/logo\/image\/","url":"https:\/\/www.refrigerationtechniserv.ca\/wp-content\/uploads\/2020\/10\/logo-techni-serv.png","contentUrl":"https:\/\/www.refrigerationtechniserv.ca\/wp-content\/uploads\/2020\/10\/logo-techni-serv.png","width":356,"height":122,"caption":"Techniserv"},"image":{"@id":"https:\/\/www.refrigerationtechniserv.ca\/#\/schema\/logo\/image\/"}}]}},"_links":{"self":[{"href":"https:\/\/www.refrigerationtechniserv.ca\/en\/wp-json\/wp\/v2\/pages\/1468"}],"collection":[{"href":"https:\/\/www.refrigerationtechniserv.ca\/en\/wp-json\/wp\/v2\/pages"}],"about":[{"href":"https:\/\/www.refrigerationtechniserv.ca\/en\/wp-json\/wp\/v2\/types\/page"}],"author":[{"embeddable":true,"href":"https:\/\/www.refrigerationtechniserv.ca\/en\/wp-json\/wp\/v2\/users\/11"}],"replies":[{"embeddable":true,"href":"https:\/\/www.refrigerationtechniserv.ca\/en\/wp-json\/wp\/v2\/comments?post=1468"}],"version-history":[{"count":0,"href":"https:\/\/www.refrigerationtechniserv.ca\/en\/wp-json\/wp\/v2\/pages\/1468\/revisions"}],"up":[{"embeddable":true,"href":"https:\/\/www.refrigerationtechniserv.ca\/en\/wp-json\/wp\/v2\/pages\/1458"}],"wp:attachment":[{"href":"https:\/\/www.refrigerationtechniserv.ca\/en\/wp-json\/wp\/v2\/media?parent=1468"}],"curies":[{"name":"wp","href":"https:\/\/api.w.org\/{rel}","templated":true}]}}